{"id":153,"date":"2024-11-12T20:09:38","date_gmt":"2024-11-12T20:09:38","guid":{"rendered":"https:\/\/omegahandicap.fr\/?page_id=153"},"modified":"2024-11-12T20:09:40","modified_gmt":"2024-11-12T20:09:40","slug":"crdp","status":"publish","type":"page","link":"https:\/\/omegahandicap.fr\/?page_id=153","title":{"rendered":"CRDP"},"content":{"rendered":"\n<p class=\"wp-block-paragraph\">OBSERVATION N\u00b07 DU COMITE<\/p>\n\n\n\n<p class=\"wp-block-paragraph\">Quelles sont les conditions pour justifier pour une organisation d&rsquo;\u00eatre une organisation de personnes handicap\u00e9es et de parler en leur nom.<\/p>\n\n\n\n<p class=\"wp-block-paragraph\">La pr\u00e9sente observation fait la diff\u00e9rence entre organisation de personnes handicap\u00e9es et organisation \u00ab\u00a0pour\u00a0\u00bb les personnes handicap\u00e9es qui parlent en leur nom propre. On y trouve particuli\u00e8rement les organisations gestionnaires, les institutions m\u00e9dicaux sociales, les services \u00e0 la personne&#8230;<\/p>\n\n\n\n<p class=\"wp-block-paragraph\">PAGE EN CONSTRUCTION<\/p>\n","protected":false},"excerpt":{"rendered":"<p>OBSERVATION N\u00b07 DU COMITE Quelles sont les conditions pour justifier pour une organisation d&rsquo;\u00eatre une organisation de personnes handicap\u00e9es et de parler en leur nom. La pr\u00e9sente observation fait la diff\u00e9rence entre organisation de personnes handicap\u00e9es et organisation \u00ab\u00a0pour\u00a0\u00bb les personnes handicap\u00e9es qui parlent en leur nom propre. On y trouve particuli\u00e8rement les organisations gestionnaires, [&hellip;]<\/p>\n","protected":false},"author":1,"featured_media":0,"parent":0,"menu_order":0,"comment_status":"closed","ping_status":"closed","template":"","meta":{"_crdt_document":"","footnotes":""},"class_list":["post-153","page","type-page","status-publish","hentry"],"yoast_head":"<!-- This site is optimized with the Yoast SEO plugin v27.5 - https:\/\/yoast.com\/product\/yoast-seo-wordpress\/ -->\n<title>CRDP - OMEGA HANDICAP<\/title>\n<meta name=\"robots\" content=\"index, follow, max-snippet:-1, max-image-preview:large, max-video-preview:-1\" \/>\n<link rel=\"canonical\" href=\"https:\/\/omegahandicap.fr\/?page_id=153\" \/>\n<meta property=\"og:locale\" content=\"fr_FR\" \/>\n<meta property=\"og:type\" content=\"article\" \/>\n<meta property=\"og:title\" content=\"CRDP - OMEGA HANDICAP\" \/>\n<meta property=\"og:description\" content=\"OBSERVATION N\u00b07 DU COMITE Quelles sont les conditions pour justifier pour une organisation d&rsquo;\u00eatre une organisation de personnes handicap\u00e9es et de parler en leur nom. La pr\u00e9sente observation fait la diff\u00e9rence entre organisation de personnes handicap\u00e9es et organisation \u00ab\u00a0pour\u00a0\u00bb les personnes handicap\u00e9es qui parlent en leur nom propre. On y trouve particuli\u00e8rement les organisations gestionnaires, [&hellip;]\" \/>\n<meta property=\"og:url\" content=\"https:\/\/omegahandicap.fr\/?page_id=153\" \/>\n<meta property=\"og:site_name\" content=\"OMEGA HANDICAP\" \/>\n<meta property=\"article:modified_time\" content=\"2024-11-12T20:09:40+00:00\" \/>\n<meta property=\"og:image\" content=\"https:\/\/omegahandicap.fr\/wp-content\/uploads\/2024\/07\/pexels-joshua-yuan-317098-903770-scaled.jpg\" \/>\n\t<meta property=\"og:image:width\" content=\"2560\" \/>\n\t<meta property=\"og:image:height\" content=\"1920\" \/>\n\t<meta property=\"og:image:type\" content=\"image\/jpeg\" \/>\n<meta name=\"twitter:card\" content=\"summary_large_image\" \/>\n<meta name=\"twitter:label1\" content=\"Dur\u00e9e de lecture estim\u00e9e\" \/>\n\t<meta name=\"twitter:data1\" content=\"1 minute\" \/>\n<script type=\"application\/ld+json\" class=\"yoast-schema-graph\">{\"@context\":\"https:\\\/\\\/schema.org\",\"@graph\":[{\"@type\":\"WebPage\",\"@id\":\"https:\\\/\\\/omegahandicap.fr\\\/?page_id=153\",\"url\":\"https:\\\/\\\/omegahandicap.fr\\\/?page_id=153\",\"name\":\"CRDP - OMEGA HANDICAP\",\"isPartOf\":{\"@id\":\"https:\\\/\\\/omegahandicap.fr\\\/#website\"},\"datePublished\":\"2024-11-12T20:09:38+00:00\",\"dateModified\":\"2024-11-12T20:09:40+00:00\",\"breadcrumb\":{\"@id\":\"https:\\\/\\\/omegahandicap.fr\\\/?page_id=153#breadcrumb\"},\"inLanguage\":\"fr-FR\",\"potentialAction\":[{\"@type\":\"ReadAction\",\"target\":[\"https:\\\/\\\/omegahandicap.fr\\\/?page_id=153\"]}]},{\"@type\":\"BreadcrumbList\",\"@id\":\"https:\\\/\\\/omegahandicap.fr\\\/?page_id=153#breadcrumb\",\"itemListElement\":[{\"@type\":\"ListItem\",\"position\":1,\"name\":\"Accueil\",\"item\":\"https:\\\/\\\/omegahandicap.fr\\\/\"},{\"@type\":\"ListItem\",\"position\":2,\"name\":\"CRDP\"}]},{\"@type\":\"WebSite\",\"@id\":\"https:\\\/\\\/omegahandicap.fr\\\/#website\",\"url\":\"https:\\\/\\\/omegahandicap.fr\\\/\",\"name\":\"OMEGA HANDICAP\",\"description\":\"ENSEMBLES FAISONS APPLIQUER LA CIDPH\",\"publisher\":{\"@id\":\"https:\\\/\\\/omegahandicap.fr\\\/#organization\"},\"potentialAction\":[{\"@type\":\"SearchAction\",\"target\":{\"@type\":\"EntryPoint\",\"urlTemplate\":\"https:\\\/\\\/omegahandicap.fr\\\/?s={search_term_string}\"},\"query-input\":{\"@type\":\"PropertyValueSpecification\",\"valueRequired\":true,\"valueName\":\"search_term_string\"}}],\"inLanguage\":\"fr-FR\"},{\"@type\":\"Organization\",\"@id\":\"https:\\\/\\\/omegahandicap.fr\\\/#organization\",\"name\":\"OMEGA HANDICAP\",\"url\":\"https:\\\/\\\/omegahandicap.fr\\\/\",\"logo\":{\"@type\":\"ImageObject\",\"inLanguage\":\"fr-FR\",\"@id\":\"https:\\\/\\\/omegahandicap.fr\\\/#\\\/schema\\\/logo\\\/image\\\/\",\"url\":\"https:\\\/\\\/omegahandicap.fr\\\/wp-content\\\/uploads\\\/2024\\\/07\\\/cropped-omega-1-3.jpg\",\"contentUrl\":\"https:\\\/\\\/omegahandicap.fr\\\/wp-content\\\/uploads\\\/2024\\\/07\\\/cropped-omega-1-3.jpg\",\"width\":499,\"height\":499,\"caption\":\"OMEGA HANDICAP\"},\"image\":{\"@id\":\"https:\\\/\\\/omegahandicap.fr\\\/#\\\/schema\\\/logo\\\/image\\\/\"}}]}<\/script>\n<!-- \/ Yoast SEO plugin. -->","yoast_head_json":{"title":"CRDP - OMEGA HANDICAP","robots":{"index":"index","follow":"follow","max-snippet":"max-snippet:-1","max-image-preview":"max-image-preview:large","max-video-preview":"max-video-preview:-1"},"canonical":"https:\/\/omegahandicap.fr\/?page_id=153","og_locale":"fr_FR","og_type":"article","og_title":"CRDP - OMEGA HANDICAP","og_description":"OBSERVATION N\u00b07 DU COMITE Quelles sont les conditions pour justifier pour une organisation d&rsquo;\u00eatre une organisation de personnes handicap\u00e9es et de parler en leur nom. La pr\u00e9sente observation fait la diff\u00e9rence entre organisation de personnes handicap\u00e9es et organisation \u00ab\u00a0pour\u00a0\u00bb les personnes handicap\u00e9es qui parlent en leur nom propre. On y trouve particuli\u00e8rement les organisations gestionnaires, [&hellip;]","og_url":"https:\/\/omegahandicap.fr\/?page_id=153","og_site_name":"OMEGA HANDICAP","article_modified_time":"2024-11-12T20:09:40+00:00","og_image":[{"width":2560,"height":1920,"url":"https:\/\/omegahandicap.fr\/wp-content\/uploads\/2024\/07\/pexels-joshua-yuan-317098-903770-scaled.jpg","type":"image\/jpeg"}],"twitter_card":"summary_large_image","twitter_misc":{"Dur\u00e9e de lecture estim\u00e9e":"1 minute"},"schema":{"@context":"https:\/\/schema.org","@graph":[{"@type":"WebPage","@id":"https:\/\/omegahandicap.fr\/?page_id=153","url":"https:\/\/omegahandicap.fr\/?page_id=153","name":"CRDP - OMEGA HANDICAP","isPartOf":{"@id":"https:\/\/omegahandicap.fr\/#website"},"datePublished":"2024-11-12T20:09:38+00:00","dateModified":"2024-11-12T20:09:40+00:00","breadcrumb":{"@id":"https:\/\/omegahandicap.fr\/?page_id=153#breadcrumb"},"inLanguage":"fr-FR","potentialAction":[{"@type":"ReadAction","target":["https:\/\/omegahandicap.fr\/?page_id=153"]}]},{"@type":"BreadcrumbList","@id":"https:\/\/omegahandicap.fr\/?page_id=153#breadcrumb","itemListElement":[{"@type":"ListItem","position":1,"name":"Accueil","item":"https:\/\/omegahandicap.fr\/"},{"@type":"ListItem","position":2,"name":"CRDP"}]},{"@type":"WebSite","@id":"https:\/\/omegahandicap.fr\/#website","url":"https:\/\/omegahandicap.fr\/","name":"OMEGA HANDICAP","description":"ENSEMBLES FAISONS APPLIQUER LA CIDPH","publisher":{"@id":"https:\/\/omegahandicap.fr\/#organization"},"potentialAction":[{"@type":"SearchAction","target":{"@type":"EntryPoint","urlTemplate":"https:\/\/omegahandicap.fr\/?s={search_term_string}"},"query-input":{"@type":"PropertyValueSpecification","valueRequired":true,"valueName":"search_term_string"}}],"inLanguage":"fr-FR"},{"@type":"Organization","@id":"https:\/\/omegahandicap.fr\/#organization","name":"OMEGA HANDICAP","url":"https:\/\/omegahandicap.fr\/","logo":{"@type":"ImageObject","inLanguage":"fr-FR","@id":"https:\/\/omegahandicap.fr\/#\/schema\/logo\/image\/","url":"https:\/\/omegahandicap.fr\/wp-content\/uploads\/2024\/07\/cropped-omega-1-3.jpg","contentUrl":"https:\/\/omegahandicap.fr\/wp-content\/uploads\/2024\/07\/cropped-omega-1-3.jpg","width":499,"height":499,"caption":"OMEGA HANDICAP"},"image":{"@id":"https:\/\/omegahandicap.fr\/#\/schema\/logo\/image\/"}}]}},"jetpack_sharing_enabled":true,"_links":{"self":[{"href":"https:\/\/omegahandicap.fr\/index.php?rest_route=\/wp\/v2\/pages\/153","targetHints":{"allow":["GET"]}}],"collection":[{"href":"https:\/\/omegahandicap.fr\/index.php?rest_route=\/wp\/v2\/pages"}],"about":[{"href":"https:\/\/omegahandicap.fr\/index.php?rest_route=\/wp\/v2\/types\/page"}],"author":[{"embeddable":true,"href":"https:\/\/omegahandicap.fr\/index.php?rest_route=\/wp\/v2\/users\/1"}],"replies":[{"embeddable":true,"href":"https:\/\/omegahandicap.fr\/index.php?rest_route=%2Fwp%2Fv2%2Fcomments&post=153"}],"version-history":[{"count":1,"href":"https:\/\/omegahandicap.fr\/index.php?rest_route=\/wp\/v2\/pages\/153\/revisions"}],"predecessor-version":[{"id":155,"href":"https:\/\/omegahandicap.fr\/index.php?rest_route=\/wp\/v2\/pages\/153\/revisions\/155"}],"wp:attachment":[{"href":"https:\/\/omegahandicap.fr\/index.php?rest_route=%2Fwp%2Fv2%2Fmedia&parent=153"}],"curies":[{"name":"wp","href":"https:\/\/api.w.org\/{rel}","templated":true}]}}